{"id":138,"date":"2018-07-18T08:01:46","date_gmt":"2018-07-18T08:01:46","guid":{"rendered":"http:\/\/vertikalsas.com\/?page_id=138"},"modified":"2018-07-18T08:04:32","modified_gmt":"2018-07-18T08:04:32","slug":"conocenos","status":"publish","type":"page","link":"https:\/\/vertikalsas.com\/index.php\/conocenos\/","title":{"rendered":"Con\u00f3cenos"},"content":{"rendered":"<h1 style=\"text-align: center;\"><strong>RESE\u00d1A HIST\u00d3RICA<\/strong><\/h1>\n<p><strong>\u00a0<\/strong><\/p>\n<p style=\"text-align: justify;\"><strong>VERTIKAL<\/strong> nace el 30 de Diciembre de 2.009, como respuesta a la creciente necesidad de capacitaci\u00f3n, entrenamiento y certificaci\u00f3n en trabajo seguro en alturas, luego de la promulgaci\u00f3n y reglamentaci\u00f3n de la resoluci\u00f3n 3673 de 2.008. Es una empresa de car\u00e1cter privado con recursos generados por su fundador y gerente general <strong>JAVIER FELIPE COHEN<\/strong>. Persona con m\u00e1s de 21 a\u00f1os de experiencia en Trabajo en Alturas en diversos campos de la econom\u00eda y la geograf\u00eda nacional. Con su creaci\u00f3n, <strong>VERTIKAL<\/strong> se pone a la vanguardia en los departamentos de Magdalena, Cesar, Atl\u00e1ntico y La Guajira en servicios que involucran la aplicaci\u00f3n de Trabajo en Alturas en campos tan diversos como el de la formaci\u00f3n, la interventor\u00eda y la instalaci\u00f3n de sistemas de ingenier\u00eda para Trabajo en Alturas.<\/p>\n<hr \/>\n<h1 style=\"text-align: center;\"><strong>MISI\u00d3N<\/strong><\/h1>\n<p style=\"text-align: justify;\">Somos una empresa especializada en tareas de alto riesgo, brindamos a nuestros clientes soluciones t\u00e9cnicas y de vanguardia, interventor\u00eda, asesor\u00eda, formaci\u00f3n especializada, sistemas de ingenier\u00eda, equipos de trabajo en alturas, en sectores productivos tales como miner\u00eda, construcci\u00f3n, industria en general. \u00a0Garantizamos el crecimiento sostenido de la empresa y el desarrollo profesional de nuestros<\/p>\n<p style=\"text-align: justify;\">Colaboradores, al aportar experiencia, conocimiento, t\u00e9cnica y buenas pr\u00e1cticas, generando ambientes de trabajo productivos, libres de actos y condiciones inseguras, que garanticen un gran desarrollo econ\u00f3mico integrado al bienestar general del trabajador, eje fundamental de la econom\u00eda y del crecimiento nacional.<\/p>\n<hr \/>\n<h1 style=\"text-align: center;\"><strong>VISI\u00d3N<\/strong><\/h1>\n<p style=\"text-align: justify;\">Ser reconocidos por nuestros clientes, empleados y grupos de inter\u00e9s, como una empresa s\u00f3lida y de trayectoria, en la ejecuci\u00f3n de tareas de alto riesgo, distinguidos como el equipo m\u00e1s confiable y profesional de la costa norte colombiana.<\/p>\n<hr \/>\n<h1 style=\"text-align: center;\">ORGANIGRAMA<\/h1>\n<p><img loading=\"lazy\" class=\"aligncenter wp-image-139 size-full\" src=\"http:\/\/vertikalsas.com\/wp-content\/uploads\/2018\/07\/organigrama.jpg\" alt=\"\" width=\"698\" height=\"482\" srcset=\"https:\/\/vertikalsas.com\/wp-content\/uploads\/2018\/07\/organigrama.jpg 698w, https:\/\/vertikalsas.com\/wp-content\/uploads\/2018\/07\/organigrama-300x207.jpg 300w\" sizes=\"(max-width: 698px) 100vw, 698px\" \/><\/p>\n","protected":false},"excerpt":{"rendered":"<p>RESE\u00d1A HIST\u00d3RICA \u00a0 VERTIKAL nace el 30 de Diciembre de 2.009, como respuesta a la creciente necesidad de capacitaci\u00f3n, entrenamiento y certificaci\u00f3n en trabajo seguro en alturas, luego de la promulgaci\u00f3n y<\/p>\n<a class=\"moretag noptoppad\" href=\"https:\/\/vertikalsas.com\/index.php\/conocenos\/\">Read More...<\/a>","protected":false},"author":1,"featured_media":0,"parent":0,"menu_order":0,"comment_status":"closed","ping_status":"closed","template":"","meta":[],"_links":{"self":[{"href":"https:\/\/vertikalsas.com\/index.php\/wp-json\/wp\/v2\/pages\/138"}],"collection":[{"href":"https:\/\/vertikalsas.com\/index.php\/wp-json\/wp\/v2\/pages"}],"about":[{"href":"https:\/\/vertikalsas.com\/index.php\/wp-json\/wp\/v2\/types\/page"}],"author":[{"embeddable":true,"href":"https:\/\/vertikalsas.com\/index.php\/wp-json\/wp\/v2\/users\/1"}],"replies":[{"embeddable":true,"href":"https:\/\/vertikalsas.com\/index.php\/wp-json\/wp\/v2\/comments?post=138"}],"version-history":[{"count":4,"href":"https:\/\/vertikalsas.com\/index.php\/wp-json\/wp\/v2\/pages\/138\/revisions"}],"predecessor-version":[{"id":143,"href":"https:\/\/vertikalsas.com\/index.php\/wp-json\/wp\/v2\/pages\/138\/revisions\/143"}],"wp:attachment":[{"href":"https:\/\/vertikalsas.com\/index.php\/wp-json\/wp\/v2\/media?parent=138"}],"curies":[{"name":"wp","href":"https:\/\/api.w.org\/{rel}","templated":true}]}}