{"id":78,"date":"2018-07-16T14:12:03","date_gmt":"2018-07-16T14:12:03","guid":{"rendered":"http:\/\/vertikalsas.com\/?page_id=78"},"modified":"2018-07-18T14:47:35","modified_gmt":"2018-07-18T14:47:35","slug":"formacion-especializada","status":"publish","type":"page","link":"https:\/\/vertikalsas.com\/index.php\/formacion-especializada\/","title":{"rendered":"Formaci\u00f3n Especializada"},"content":{"rendered":"<h1 style=\"text-align: center;\"><span style=\"vertical-align: inherit;\"><span style=\"vertical-align: inherit;\"><span style=\"vertical-align: inherit;\"><span style=\"vertical-align: inherit;\">CERTIFICACI\u00d3N EN TRABAJO SEGURO EN ALTURAS, APROBADO POR EL MINISTERIO.<\/span><\/span><\/span><\/span><\/h1>\n<p style=\"text-align: center;\"><span style=\"vertical-align: inherit;\"><span style=\"vertical-align: inherit;\"><span style=\"vertical-align: inherit;\"><span style=\"vertical-align: inherit;\">Conforme a lo estipulado en la resoluci\u00f3n 1409 de 2.012.Para los niveles B\u00e1sico, Avanzado y Coordinador de Trabajos en Alturas de la norma vigente.M\u00e1s de diez personas entrenadas y certificadas.Base de entrenamiento con entornos de trabajo que simulan las \u00e1reas de trabajo, equipos de \u00faltima generaci\u00f3n, salones con aire acondicionado y excelentes medios audiovisuales. Sedes de entrenamiento en Santa Marta y La Mina &#8211; Cerrej\u00f3n.<\/span><\/span><\/span><\/span><\/p>\n<hr \/>\n<h1 style=\"text-align: center;\"><span style=\"vertical-align: inherit;\"><span style=\"vertical-align: inherit;\"><span style=\"vertical-align: inherit;\"><span style=\"vertical-align: inherit;\">ESPACIOS CONFINADOS CON PERMISO DE ACCESO REQUERIDO.<\/span><\/span><\/span><\/span><\/h1>\n<h1 style=\"text-align: center;\"><span style=\"vertical-align: inherit;\"><span style=\"vertical-align: inherit;\"><span style=\"vertical-align: inherit;\"><span style=\"vertical-align: inherit;\">PERSONA COMPETENTE DE OSHA.<\/span><\/span><\/span><\/span><\/h1>\n<p style=\"text-align: center;\"><span style=\"vertical-align: inherit;\"><span style=\"vertical-align: inherit;\"><span style=\"vertical-align: inherit;\"><span style=\"vertical-align: inherit;\">Conforme a las disposiciones de OSHA 1910.146. <\/span><span style=\"vertical-align: inherit;\">Contamos con amplia experiencia certificada en diversas tareas de alto riesgo efectuadas en espacios confinados.Brindamos soporte, formaci\u00f3n, equipos de acceso, acompa\u00f1amiento, actividades de rescate.<\/span><\/span><\/span><\/span><\/p>\n<hr \/>\n<h1 style=\"text-align: center;\"><span style=\"vertical-align: inherit; color: #000000;\"><span style=\"vertical-align: inherit;\"><span style=\"vertical-align: inherit;\"><span style=\"vertical-align: inherit;\"><span style=\"vertical-align: inherit;\"><span style=\"vertical-align: inherit;\">Rescate vertical<\/span><\/span><\/span><\/span><\/span><\/span><\/h1>\n<p style=\"text-align: center;\">El curso de <b>Rescate Vertical Nivel 1 Conocimiento<\/b>, brindar\u00e1 al participante las bases y t\u00e9cnicas apropiadas para realizar la correcta selecci\u00f3n del equipo y material requerido para un rescate, as\u00ed como la organizaci\u00f3n desde un comando de incidencias para responder en situaciones de emergencia, en los cuales se involucren v\u00edctimas en lugares de dif\u00edcil acceso<\/p>\n<p style=\"text-align: center;\">El curso de <b>Rescate Vertical Nivel 2 Operaciones<\/b>, brindar\u00e1 al participante las t\u00e9cnicas apropiadas para realizar rescates en los cuales se involucren v\u00edctimas en alturas y realizar evacuaciones en pendientes y sistemas b\u00e1sicos de ventajas mec\u00e1nicas, podr\u00e1n realizar ascensos y descensos de acuerdo al an\u00e1lisis primario realizado para garantizar la seguridad del rescatista y de la v\u00edctima.<\/p>\n<p style=\"text-align: center;\">Cumple con NFPA\u00ae 1670, NFPA\u00ae 1006<\/p>\n<p>&nbsp;<\/p>\n<hr \/>\n<h1 style=\"text-align: center;\"><span style=\"vertical-align: inherit;\"><span style=\"vertical-align: inherit;\"><span style=\"vertical-align: inherit;\"><span style=\"vertical-align: inherit;\"><span style=\"vertical-align: inherit;\"><span style=\"vertical-align: inherit;\">Andamios Multidireccionales<\/span><\/span><\/span><\/span><\/span><\/span><\/h1>\n<p style=\"text-align: center;\"><span style=\"vertical-align: inherit;\"><span style=\"vertical-align: inherit;\"><span style=\"vertical-align: inherit;\"><span style=\"vertical-align: inherit;\">Modulaci\u00f3n, armado, inspecci\u00f3n y certificaci\u00f3n por persona competente (SAIA -USA). <\/span><\/span><\/span><span style=\"vertical-align: inherit;\"><span style=\"vertical-align: inherit;\"><span style=\"vertical-align: inherit;\">Certificaci\u00f3n de armadores de andamio multidireccional. <\/span><span style=\"vertical-align: inherit;\">Andamios de tijera, andamios multidireccionales, andamios colgados y de cremallera.<\/span><\/span><\/span><\/span><\/p>\n<hr \/>\n<p>&nbsp;<\/p>\n<p style=\"text-align: center;\"><img loading=\"lazy\" class=\"alignnone wp-image-30 size-full\" src=\"http:\/\/vertikalsas.com\/wp-content\/uploads\/2018\/07\/Certificaciones-Vertikal.jpg\" alt=\"\" width=\"249\" height=\"88\" \/><\/p>\n<blockquote>\n<h4 style=\"text-align: center;\"><strong><span style=\"vertical-align: inherit;\"><span style=\"vertical-align: inherit;\"><span style=\"vertical-align: inherit;\"><span style=\"vertical-align: inherit;\"><span style=\"vertical-align: inherit;\"><span style=\"vertical-align: inherit;\">Resoluci\u00f3n de aprobaci\u00f3n SENA, 0349 de 2.013 y 0697 de 2.014. <\/span><\/span><\/span><\/span><\/span><span style=\"vertical-align: inherit;\"><span style=\"vertical-align: inherit;\"><span style=\"vertical-align: inherit;\"><span style=\"vertical-align: inherit;\"><span style=\"vertical-align: inherit;\">Centros de entrenamiento en Santa Marta y La Mina &#8211; Cerrej\u00f3n, convenios a nivel de nacional.<\/span><\/span><\/span><\/span><\/span><\/span><\/strong><\/h4>\n<\/blockquote>\n","protected":false},"excerpt":{"rendered":"<p>CERTIFICACI\u00d3N EN TRABAJO SEGURO EN ALTURAS, APROBADO POR EL MINISTERIO. Conforme a lo estipulado en la resoluci\u00f3n 1409 de 2.012.Para los niveles B\u00e1sico, Avanzado y Coordinador de Trabajos en Alturas de la<\/p>\n<a class=\"moretag noptoppad\" href=\"https:\/\/vertikalsas.com\/index.php\/formacion-especializada\/\">Read More...<\/a>","protected":false},"author":1,"featured_media":0,"parent":0,"menu_order":0,"comment_status":"closed","ping_status":"closed","template":"","meta":[],"_links":{"self":[{"href":"https:\/\/vertikalsas.com\/index.php\/wp-json\/wp\/v2\/pages\/78"}],"collection":[{"href":"https:\/\/vertikalsas.com\/index.php\/wp-json\/wp\/v2\/pages"}],"about":[{"href":"https:\/\/vertikalsas.com\/index.php\/wp-json\/wp\/v2\/types\/page"}],"author":[{"embeddable":true,"href":"https:\/\/vertikalsas.com\/index.php\/wp-json\/wp\/v2\/users\/1"}],"replies":[{"embeddable":true,"href":"https:\/\/vertikalsas.com\/index.php\/wp-json\/wp\/v2\/comments?post=78"}],"version-history":[{"count":6,"href":"https:\/\/vertikalsas.com\/index.php\/wp-json\/wp\/v2\/pages\/78\/revisions"}],"predecessor-version":[{"id":161,"href":"https:\/\/vertikalsas.com\/index.php\/wp-json\/wp\/v2\/pages\/78\/revisions\/161"}],"wp:attachment":[{"href":"https:\/\/vertikalsas.com\/index.php\/wp-json\/wp\/v2\/media?parent=78"}],"curies":[{"name":"wp","href":"https:\/\/api.w.org\/{rel}","templated":true}]}}