{"id":80,"date":"2018-07-16T14:15:30","date_gmt":"2018-07-16T14:15:30","guid":{"rendered":"http:\/\/vertikalsas.com\/?page_id=80"},"modified":"2018-07-18T14:48:01","modified_gmt":"2018-07-18T14:48:01","slug":"gerencia-del-riesgo-asociado","status":"publish","type":"page","link":"https:\/\/vertikalsas.com\/index.php\/formacion-especializada\/gerencia-del-riesgo-asociado\/","title":{"rendered":"Gerencia del Riesgo Asociado"},"content":{"rendered":"<h1 style=\"text-align: center;\"><span style=\"vertical-align: inherit;\"><span style=\"vertical-align: inherit;\">Revisi\u00f3n por pares \/ gerenciamiento del riesgo<\/span><\/span><\/h1>\n<p style=\"text-align: center;\">Revisi\u00f3n por experto, de forma detallada y consistente, para la presentaci\u00f3n de informes de planes de trabajo, planes de rescate, procedimientos de trabajo seguro y an\u00e1lisis de riesgos, para tareas que involucran trabajo seguro en alturas, involucrando procesos tales como:<\/p>\n<p style=\"text-align: center;\">RISK MANAMEGENT, RISK REGISTER, RISK BREAKDOWN STRUCTURE entre otros.<\/p>\n<hr \/>\n<hr \/>\n<h1 style=\"text-align: center;\"><span style=\"color: #000000;\"><span style=\"vertical-align: inherit;\"><span style=\"vertical-align: inherit;\">Elaboraci\u00f3n de planos y procedimientos de alto riesgo<\/span><\/span><\/span><\/h1>\n<p style=\"text-align: center;\">\n<hr \/>\n<h1 style=\"text-align: center;\"><span style=\"vertical-align: inherit;\"><span style=\"vertical-align: inherit;\">Dise\u00f1o y configuraci\u00f3n de sistemas de protecci\u00f3n contra las ca\u00eddas<\/span><\/span><\/h1>\n<p style=\"text-align: center;\">Elaboraci\u00f3n de procedimientos especializados para tareas cr\u00edticas. Dise\u00f1o, configuraci\u00f3n e instalaci\u00f3n de sistemas para que sus trabajadores realicen las labores de forma segura aunque no tengan experiencia en alturas.<\/p>\n<p style=\"text-align: center;\">Instalaci\u00f3n de anclajes y sistemas de transito temporal, horizontal y vertical.<\/p>\n<hr \/>\n<h1 style=\"text-align: center;\"><span style=\"vertical-align: inherit;\"><span style=\"vertical-align: inherit;\">Supervisi\u00f3n especializada, consultor\u00eda, interventor\u00eda en trabajo seguro en alturas y espacios confinados.<\/span><\/span><\/h1>\n<p style=\"text-align: center;\">Aportamos nuestra experiencia y competencias, para que sus labores en campo se ejecuten conforme lo planeado, garantizando el seguimiento estricto a los est\u00e1ndares de control cr\u00edtico en tareas de alto riesgo que involucran trabajo seguro en alturas.<\/p>\n<p style=\"text-align: center;\">Contamos con personas competentes y calificadas para resolver en sitio cualquier duda y contribuimos con ideas efectivas para permitir el trabajo continuo y eficaz sin descuidar la seguridad de sus empleados.<\/p>\n<hr \/>\n<blockquote>\n<h3 style=\"text-align: center;\"><span style=\"vertical-align: inherit;\"><span style=\"vertical-align: inherit;\">Registro de riesgos, revisi\u00f3n de riesgos, gesti\u00f3n de riesgos, pajaritas, ECC.<\/span><\/span><\/h3>\n<\/blockquote>\n","protected":false},"excerpt":{"rendered":"<p>Revisi\u00f3n por pares \/ gerenciamiento del riesgo Revisi\u00f3n por experto, de forma detallada y consistente, para la presentaci\u00f3n de informes de planes de trabajo, planes de rescate, procedimientos de trabajo seguro y<\/p>\n<a class=\"moretag noptoppad\" href=\"https:\/\/vertikalsas.com\/index.php\/formacion-especializada\/gerencia-del-riesgo-asociado\/\">Read More...<\/a>","protected":false},"author":1,"featured_media":0,"parent":78,"menu_order":0,"comment_status":"closed","ping_status":"closed","template":"","meta":[],"_links":{"self":[{"href":"https:\/\/vertikalsas.com\/index.php\/wp-json\/wp\/v2\/pages\/80"}],"collection":[{"href":"https:\/\/vertikalsas.com\/index.php\/wp-json\/wp\/v2\/pages"}],"about":[{"href":"https:\/\/vertikalsas.com\/index.php\/wp-json\/wp\/v2\/types\/page"}],"author":[{"embeddable":true,"href":"https:\/\/vertikalsas.com\/index.php\/wp-json\/wp\/v2\/users\/1"}],"replies":[{"embeddable":true,"href":"https:\/\/vertikalsas.com\/index.php\/wp-json\/wp\/v2\/comments?post=80"}],"version-history":[{"count":3,"href":"https:\/\/vertikalsas.com\/index.php\/wp-json\/wp\/v2\/pages\/80\/revisions"}],"predecessor-version":[{"id":162,"href":"https:\/\/vertikalsas.com\/index.php\/wp-json\/wp\/v2\/pages\/80\/revisions\/162"}],"up":[{"embeddable":true,"href":"https:\/\/vertikalsas.com\/index.php\/wp-json\/wp\/v2\/pages\/78"}],"wp:attachment":[{"href":"https:\/\/vertikalsas.com\/index.php\/wp-json\/wp\/v2\/media?parent=80"}],"curies":[{"name":"wp","href":"https:\/\/api.w.org\/{rel}","templated":true}]}}