{"id":84,"date":"2018-07-16T14:22:36","date_gmt":"2018-07-16T14:22:36","guid":{"rendered":"http:\/\/vertikalsas.com\/?page_id=84"},"modified":"2018-07-16T14:22:36","modified_gmt":"2018-07-16T14:22:36","slug":"sistemas-de-ingenieria","status":"publish","type":"page","link":"https:\/\/vertikalsas.com\/index.php\/sistemas-de-ingenieria\/","title":{"rendered":"Sistemas de Ingenier\u00eda"},"content":{"rendered":"<h1 style=\"text-align: center;\">Linea de vida verticales<\/h1>\n<p style=\"text-align: center;\">Phasellus gravida bibendum adipiscing. Cras id rhoncus diam. Praesent pharetra justo sed velit tempus, no pulvinar tortor tempor. Maecenas elementum consequat orci, eget fermentum erat adipiscing porta. Nunc et lorem eu metus<\/p>\n<h1 style=\"text-align: center;\">Linea de vida Horizontales<\/h1>\n<p style=\"text-align: center;\">Phasellus gravida bibendum adipiscing. Cras id rhoncus diam. Praesent pharetra justo sed velit tempus, no pulvinar tortor tempor. Maecenas elementum consequat orci, eget fermentum erat adipiscing porta. Nunc et lorem eu metus<\/p>\n<h1 style=\"text-align: center;\">Puntos de anclaje<\/h1>\n<p style=\"text-align: center;\">Phasellus gravida bibendum adipiscing. Cras id rhoncus diam. Praesent pharetra justo sed velit tempus, no pulvinar tortor tempor. Maecenas elementum consequat orci, eget fermentum erat adipiscing porta. Nunc et lorem eu metus<\/p>\n<h1 style=\"text-align: center;\">Redes contracaidas.<\/h1>\n<p style=\"text-align: center;\">Phasellus gravida bibendum adipiscing. Cras id rhoncus diam. Praesent pharetra justo sed velit tempus, no pulvinar tortor tempor. Maecenas elementum consequat orci, eget fermentum erat adipiscing porta. Nunc et lorem eu metus<\/p>\n<p style=\"text-align: center;\">\n<p><img loading=\"lazy\" class=\"aligncenter wp-image-52 size-full\" src=\"http:\/\/vertikalsas.com\/wp-content\/uploads\/2018\/07\/xs.png\" alt=\"\" width=\"545\" height=\"95\" srcset=\"https:\/\/vertikalsas.com\/wp-content\/uploads\/2018\/07\/xs.png 545w, https:\/\/vertikalsas.com\/wp-content\/uploads\/2018\/07\/xs-300x52.png 300w\" sizes=\"(max-width: 545px) 100vw, 545px\" \/><\/p>\n<blockquote>\n<h3 style=\"text-align: center;\">Venta, dise\u00f1o, inspecci\u00f3n, instalaci\u00f3n, certificaci\u00f3n, memorias de c\u00e1lculo estructural.<\/h3>\n<\/blockquote>\n","protected":false},"excerpt":{"rendered":"<p>Linea de vida verticales Phasellus gravida bibendum adipiscing. Cras id rhoncus diam. Praesent pharetra justo sed velit tempus, no pulvinar tortor tempor. Maecenas elementum consequat orci, eget fermentum erat adipiscing porta. Nunc<\/p>\n<a class=\"moretag noptoppad\" href=\"https:\/\/vertikalsas.com\/index.php\/sistemas-de-ingenieria\/\">Read More...<\/a>","protected":false},"author":1,"featured_media":0,"parent":0,"menu_order":0,"comment_status":"closed","ping_status":"closed","template":"","meta":[],"_links":{"self":[{"href":"https:\/\/vertikalsas.com\/index.php\/wp-json\/wp\/v2\/pages\/84"}],"collection":[{"href":"https:\/\/vertikalsas.com\/index.php\/wp-json\/wp\/v2\/pages"}],"about":[{"href":"https:\/\/vertikalsas.com\/index.php\/wp-json\/wp\/v2\/types\/page"}],"author":[{"embeddable":true,"href":"https:\/\/vertikalsas.com\/index.php\/wp-json\/wp\/v2\/users\/1"}],"replies":[{"embeddable":true,"href":"https:\/\/vertikalsas.com\/index.php\/wp-json\/wp\/v2\/comments?post=84"}],"version-history":[{"count":1,"href":"https:\/\/vertikalsas.com\/index.php\/wp-json\/wp\/v2\/pages\/84\/revisions"}],"predecessor-version":[{"id":85,"href":"https:\/\/vertikalsas.com\/index.php\/wp-json\/wp\/v2\/pages\/84\/revisions\/85"}],"wp:attachment":[{"href":"https:\/\/vertikalsas.com\/index.php\/wp-json\/wp\/v2\/media?parent=84"}],"curies":[{"name":"wp","href":"https:\/\/api.w.org\/{rel}","templated":true}]}}